{"id":48,"date":"2022-01-25T12:54:32","date_gmt":"2022-01-25T12:54:32","guid":{"rendered":"https:\/\/www.basda.de\/?page_id=48"},"modified":"2022-10-06T21:35:53","modified_gmt":"2022-10-06T21:35:53","slug":"ubersicht","status":"publish","type":"page","link":"https:\/\/www.basda.de\/index.php\/ubersicht\/","title":{"rendered":"\u00dcbersicht"},"content":{"rendered":"\n<figure class=\"wp-block-image size-full\"><img loading=\"lazy\" decoding=\"async\" width=\"1024\" height=\"683\" src=\"https:\/\/www.basda.de\/wp-content\/uploads\/2022\/01\/DSC08998.jpg\" alt=\"\" class=\"wp-image-102\"\/><figcaption>Ausbildungsbetrieb am Bremer Berufsbildungswerk (Quelle: Bremer Berufsbildungswerk)<\/figcaption><\/figure>\n\n\n\n<p>Die Digitalisierung hat die Arbeitswelt in nahezu allen Bereichen stark ver\u00e4ndert. Sie fordert enorm, aber sie bietet auch mehr sowie vielf\u00e4ltige Optionen f\u00fcr die Teilhabe von Menschen mit Handicap am Berufsleben. Neue Technologien er\u00f6ffnen Chancen, bei Beeintr\u00e4chtigungen unterschiedlichster Art zu unterst\u00fctzen und so eine Integration zu erm\u00f6glichen. Das BIBA &#8211; Bremer Institut f\u00fcr Produktion und Logistik an der Universit\u00e4t Bremen und das Bremer Berufsbildungswerk (BBW) forschen gemeinsam dazu in dem Projekt \u201eRealisierung eines barrierefreien Assistenzsystems zur schrittweisen Durchf\u00fchrung von Arbeitsaufgaben\u201c (BASDA).<\/p>\n\n\n\n<p>Im Zuge der Digitalisierung haben sich die Bedingungen in den Arbeitsfeldern und Arbeitsprozessen signifikant gewandelt. Gefordert sind neue F\u00e4higkeiten und digitale Kompetenzen, die eng mit den klassischen Kulturtechniken verkn\u00fcpft sind. Besonders f\u00fcr Menschen mit Handicap bringt das weitere Herausforderungen mit sich. Dieser Personenkreis kann zum Beispiel teilweise nur eingeschr\u00e4nkt lesen oder W\u00f6rter verstehen, daher Texte nur unzureichend und sinngem\u00e4\u00df erfassen. Diese H\u00fcrden gilt es zu \u00fcberwinden. M\u00f6glich ist das ebenfalls mithilfe der neuen Digitalisierungstechniken: Sie sind nicht nur bedeutend f\u00fcr Arbeitsprozesse, sondern auch f\u00fcr die Kompensation geringerer oder fehlender Ressourcen. Damit steigen f\u00fcr Menschen mit Handicap die Teilhabechancen in der Arbeitswelt.<\/p>\n\n\n\n<p>Das Ziel des Forschungsprojektes ist Menschen mit Lern, K\u00f6rper- und\/oder psychischen Beeintr\u00e4chtigungen bei der selbstst\u00e4ndigen Durchf\u00fchrung von Arbeitsaufgaben durch ein Assistenzsystem mit einem mobilen Endger\u00e4t zu unterst\u00fctzen. Dazu wird eine Anwendung entwickelt, die Informationen und Anleitungen zu einzelnen Arbeitsschritten barrierefrei anbietet. Das Assistenzsystem wird durch ein Aufgabenportal erg\u00e4nzt, das Unternehmen bef\u00e4higt eigene Aufgaben in einer Datenbank anzulegen, diese in Arbeitsschritte zu unterteilen und mit Medieninhalten zu verkn\u00fcpfen.<\/p>\n","protected":false},"excerpt":{"rendered":"<p>Die Digitalisierung hat die Arbeitswelt in nahezu allen Bereichen stark ver\u00e4ndert. Sie fordert enorm, aber sie bietet auch mehr sowie vielf\u00e4ltige Optionen f\u00fcr die Teilhabe von Menschen mit Handicap am Berufsleben. Neue Technologien er\u00f6ffnen Chancen, bei Beeintr\u00e4chtigungen unterschiedlichster Art zu unterst\u00fctzen und so eine Integration zu erm\u00f6glichen. Das BIBA &#8211; Bremer Institut f\u00fcr Produktion und [&hellip;]<\/p>\n","protected":false},"author":2,"featured_media":0,"parent":0,"menu_order":0,"comment_status":"closed","ping_status":"closed","template":"","meta":{"footnotes":""},"class_list":["post-48","page","type-page","status-publish","hentry"],"_links":{"self":[{"href":"https:\/\/www.basda.de\/index.php\/wp-json\/wp\/v2\/pages\/48","targetHints":{"allow":["GET"]}}],"collection":[{"href":"https:\/\/www.basda.de\/index.php\/wp-json\/wp\/v2\/pages"}],"about":[{"href":"https:\/\/www.basda.de\/index.php\/wp-json\/wp\/v2\/types\/page"}],"author":[{"embeddable":true,"href":"https:\/\/www.basda.de\/index.php\/wp-json\/wp\/v2\/users\/2"}],"replies":[{"embeddable":true,"href":"https:\/\/www.basda.de\/index.php\/wp-json\/wp\/v2\/comments?post=48"}],"version-history":[{"count":9,"href":"https:\/\/www.basda.de\/index.php\/wp-json\/wp\/v2\/pages\/48\/revisions"}],"predecessor-version":[{"id":108,"href":"https:\/\/www.basda.de\/index.php\/wp-json\/wp\/v2\/pages\/48\/revisions\/108"}],"wp:attachment":[{"href":"https:\/\/www.basda.de\/index.php\/wp-json\/wp\/v2\/media?parent=48"}],"curies":[{"name":"wp","href":"https:\/\/api.w.org\/{rel}","templated":true}]}}